{"id":498,"date":"2018-04-19T12:30:19","date_gmt":"2018-04-19T19:30:19","guid":{"rendered":"http:\/\/www.salomon-tec.info\/tecinfo\/?page_id=498"},"modified":"2020-08-04T10:36:08","modified_gmt":"2020-08-04T17:36:08","slug":"servicios","status":"publish","type":"page","link":"https:\/\/salomon-tec.info\/tecinfo\/servicios\/","title":{"rendered":"Servicios"},"content":{"rendered":"\n\t<h2>Desarrollo de aplicaciones para Windows<\/h2>\n\t\t\t\t<img data-recalc-dims=\"1\" decoding=\"async\" src=\"https:\/\/i0.wp.com\/www.salomon-tec.info\/tecinfo\/wp-content\/uploads\/2019\/02\/desarrollo-aplicaciones-web-html-css-javascript.jpg?w=688\" alt=\"Servicio de Desarrollo de Aplicaciones Web\" itemprop=\"image\" title=\"Servicio de Desarrollo de Aplicaciones Web\" onerror=\"this.style.display='none'\"  \/>\n\t\t\t\t\t\tDise\u00f1o, desarrollo e implementaci\u00f3n de aplicaciones o sitios web con HTML, CSS, Javascript\n\t<p>Si necesita una aplicaci\u00f3n a la medida o necesita actualizar esa aplicaci\u00f3n de facturaci\u00f3n, contabilidad oinventarios;de escritorio que por a\u00f1os le ha dado un excelente servicio, pero que ahora requiere que env\u00ede correos, se conecte a Internet o env\u00ede mensajes a celular; podemos proponerle una soluci\u00f3n!<\/p>\n<p>&nbsp;<\/p>\n\t<h3>Tipos de Desarrollos que ofrecemos:<\/h3>\n<ul>\n<li>Sistemas Contables.<\/li>\n<li>Sistemas de Facturaci\u00f3n.<\/li>\n<li>Sistemas de N\u00f3mina.<\/li>\n<li>Sistemas de Punto de Venta.<\/li>\n<li>Reportes para Windows, Web (HTML), o Excel a la medida desde Contpaqi, Adminpaq, Intertel, Base de Datos, archivos XML o incluso directos desde archivos de factura electr\u00f3nica de SAT (CFDI).<\/li>\n<li>Aplicaciones de env\u00edo de correos autom\u00e1ticos con reportes, pedidos, informes de cobranza y estados de cuenta.<\/li>\n<li>Aplicaciones y macros para Excel, Word y cualquier aplicaci\u00f3n de Microsoft Office.<\/li>\n<\/ul>\n\t<h2>Dise\u00f1o y actualizaci\u00f3n de sitios y p\u00e1ginas web<\/h2>\n\t\t\t\t<img data-recalc-dims=\"1\" decoding=\"async\" src=\"https:\/\/i0.wp.com\/www.salomon-tec.info\/tecinfo\/wp-content\/uploads\/2019\/02\/servicio-dise%C3%B1o-actualizacion-sitios-aplicaciones-web-internet-1.jpg?w=688\" alt=\"Servicio de dise\u00f1o de p\u00e1ginas y sitios web\" itemprop=\"image\" title=\"Servicio de dise\u00f1o de p\u00e1ginas y sitios web\" onerror=\"this.style.display='none'\"  \/>\n\t<p>Su negocio necesita estar en Internet, o su sitio web luce aburrido, est\u00e1tico y no genera inter\u00e9s por parte de sus clientes; le apoyamos desde el dise\u00f1o e implementaci\u00f3n desde cero de un sitio moderno y adaptado para celulares y dispositivos m\u00f3viles. As\u00ed como en la actualizaci\u00f3n de ese blog que ofrezca informaci\u00f3n de inter\u00e9s a sus clientes, ese m\u00f3dulo de ventas electr\u00f3nicas, o una campa\u00f1a en redes sociales para promoverse.<\/p>\n\t<h3>Sitios Web que desarrollamos:<\/h3>\n<ul>\n<li>Sitios web para PyMES: Inmobiliarias, talleres, restaurantes, escuelas,\u00a0 profesionistas, comercios o el giro que usted necesite.<\/li>\n<li>Actualizaci\u00f3n de sitios web ya en marcha, basados en HTML, CSS y Javascript puro, WordPress,\u00a0Drupal, ASP.NET, Node.js o tecnolog\u00edas que no se han actualizado desde hace mucho o su imagen ya esta obsoleta por las necesidades cambiantes del Internet (ej. no tiene versi\u00f3n de su sitio web para smartphones).<\/li>\n<li>Sitios web de comercio electr\u00f3nico (e-commerce) para mostrar y vender su mercanc\u00eda o servicios por Internet.<\/li>\n<\/ul>\n\t<h2>Marketing y publicidad digital<\/h2>\n\t\t\t\t<img data-recalc-dims=\"1\" height=\"459\" width=\"688\" decoding=\"async\" src=\"https:\/\/i0.wp.com\/salomon-tec.info\/tecinfo\/wp-content\/uploads\/2019\/05\/marketing-digital-1024x683.jpg?resize=688%2C459\" alt=\"Servicios de Marketing Digital Marketing. Publicidad en redes sociales\" itemprop=\"image\" title=\"Servicios de Marketing Digital Marketing. Publicidad en redes sociales\" onerror=\"this.style.display='none'\"  \/>\n\t<p>Tu negocio no genera suficientes ventas, y ya probaste publicidad en medios tradicionales? La mayor\u00eda de las empresas importantes estan ahora utilizando las redes sociales para sus campa\u00f1as m\u00e1s importantes de marketing!<\/p>\n\t<h3>Estrategias de publicidad en redes sociales:<\/h3>\n<ul>\n<li>Te ofrecemos asesor\u00eda en Marketing digital.<\/li>\n<li>Promoci\u00f3n de tus productos o servicios; ofertas o lanzamiento de nuevos productos.<\/li>\n<li>Generaci\u00f3n de tr\u00e1fico a tu sitio web para que genera m\u00e1s visitas.<\/li>\n<li>Campa\u00f1as de posicionamiento SEO en Redes Sociales y Buscadores de Internet (Google).<\/li>\n<\/ul>\n\t<h2>Soporte T\u00e9cnico para Windows, Linux, Office, Antivirus<\/h2>\n\t<p>No se sienta solo y bloqueado por un problema con su computadora. Aceptemos lo, el software brinda gran ayuda, pero tambi\u00e9n da grandes problemas!. A veces es necesario acudir a un experto para que ese programa deje de estar lento, eliminar ese molesto virus en forma de publicidad molesta o instalar esa nueva versi\u00f3n de una aplicaci\u00f3n.<\/p>\n\t\t\t\t<img data-recalc-dims=\"1\" decoding=\"async\" src=\"https:\/\/i0.wp.com\/www.salomon-tec.info\/tecinfo\/wp-content\/uploads\/2019\/03\/servicio-soporte-tecnico-profesional-para-windows-linux-microsoft-office-virus.jpg?w=688\" alt=\"Soporte T\u00e9cnico para Windows, Linux, Office, Virus\" itemprop=\"image\" title=\"Soporte T\u00e9cnico para Windows, Linux, Office, Virus\" onerror=\"this.style.display='none'\"  \/>\n\t<h3>Servicios de Soporte T\u00e9cnico:<\/h3>\n<ul>\n<li>Instalaci\u00f3n y recuperaci\u00f3n de su Licencia de Windows.<\/li>\n<li>Respaldo de sus archivos e informaci\u00f3n m\u00e1s importante. Ya sean archivos de Office, fotos, p\u00e1ginas web, bases de datos, etc.<\/li>\n<li>Eliminaci\u00f3n de virus y aplicaciones molestas de avisos comerciales, que abren ventanas o cambian su p\u00e1gina de b\u00fasqueda en Internet.<\/li>\n<li>Instalaci\u00f3n y configuraci\u00f3n de aplicaciones de escritorio para Windows y Linux (Office, Antivirus, Suites de Dise\u00f1o Gr\u00e1fico, etc).<\/li>\n<li>Instalaci\u00f3n y configuraci\u00f3n de aplicaciones administrativas para facturaci\u00f3n, contabilidad, n\u00f3mina, tarificaci\u00f3n telef\u00f3nica (adminpaq, contpaqi, nomipaq, Intertel).<\/li>\n<\/ul>\n<p>&nbsp;<\/p>\n\t<h2>Transferencias y digitalizaci\u00f3n de casetes de video VHS, Hi8 y MiniDV<\/h2>\n\t<p>Tiene varios a\u00f1os almacenando esos viejos videos en cintas VHS, Hi8 o MiniDV, o tiene esas viejas fotos familiares; y a\u00fan no decide a digitalizarlos?. Le sugerimos que lo haga sin demorar mucho m\u00e1s, ya que el magnetismo de esas cintas va perdiendo su propiedad con el paso del tiempo, degradando su calidad, nitidez o fidelidad; hasta llegar a borrarse completamente! Se lo grabamos en archivo en una memoria USB (memory stick) o disco DVD.<\/p>\n\t\t\t\t<img data-recalc-dims=\"1\" decoding=\"async\" src=\"https:\/\/i0.wp.com\/www.salomon-tec.info\/tecinfo\/wp-content\/uploads\/2019\/03\/servicio-digitalizacion-transfer-edicion-video-vhs-hi8-minidv.jpg?w=688\" alt=\"digitalizacion videos vhs hi8 minidv\" itemprop=\"image\" title=\"transferencias de cintas vhs hi8 minidv a dvd\" onerror=\"this.style.display='none'\"  \/>\n\t<h3>Servicios de digitalizaci\u00f3n y edici\u00f3n de video:<\/h3>\n<ul>\n<li>Convertimos sus videos en VHS, Hi8 o MiniDV en DVD o archivos MPG, MP4, AVI, MWV o MOV o el formato de video que requiera.<\/li>\n<li>Convertimos esas grabaciones en cassettes a CD de M\u00fasica o archivos MP3, WAV, WMA o el formato de archivo de audio m\u00e1s conveniente.<\/li>\n<li>Digitalizamos sus viejas fotograf\u00edas o material impreso en archivos JPG, PNG, BMP, PDF o incluso en presentaci\u00f3n PowerPoint.<\/li>\n<\/ul>\n","protected":false},"excerpt":{"rendered":"<p>Desarrollo de aplicaciones para Windows Dise\u00f1o, desarrollo e implementaci\u00f3n de aplicaciones o sitios web con HTML, CSS, Javascript Si necesita&hellip;<\/p>\n","protected":false},"author":1,"featured_media":0,"parent":0,"menu_order":0,"comment_status":"closed","ping_status":"closed","template":"","meta":{"_monsterinsights_skip_tracking":false,"_monsterinsights_sitenote_active":false,"_monsterinsights_sitenote_note":"","_monsterinsights_sitenote_category":0,"jetpack_post_was_ever_published":false,"footnotes":""},"class_list":["post-498","page","type-page","status-publish","hentry"],"aioseo_notices":[],"jetpack_shortlink":"https:\/\/wp.me\/PaL7Fl-82","jetpack_sharing_enabled":true,"_links":{"self":[{"href":"https:\/\/salomon-tec.info\/tecinfo\/wp-json\/wp\/v2\/pages\/498","targetHints":{"allow":["GET"]}}],"collection":[{"href":"https:\/\/salomon-tec.info\/tecinfo\/wp-json\/wp\/v2\/pages"}],"about":[{"href":"https:\/\/salomon-tec.info\/tecinfo\/wp-json\/wp\/v2\/types\/page"}],"author":[{"embeddable":true,"href":"https:\/\/salomon-tec.info\/tecinfo\/wp-json\/wp\/v2\/users\/1"}],"replies":[{"embeddable":true,"href":"https:\/\/salomon-tec.info\/tecinfo\/wp-json\/wp\/v2\/comments?post=498"}],"version-history":[{"count":31,"href":"https:\/\/salomon-tec.info\/tecinfo\/wp-json\/wp\/v2\/pages\/498\/revisions"}],"predecessor-version":[{"id":1123,"href":"https:\/\/salomon-tec.info\/tecinfo\/wp-json\/wp\/v2\/pages\/498\/revisions\/1123"}],"wp:attachment":[{"href":"https:\/\/salomon-tec.info\/tecinfo\/wp-json\/wp\/v2\/media?parent=498"}],"curies":[{"name":"wp","href":"https:\/\/api.w.org\/{rel}","templated":true}]}}