{"id":680,"date":"2019-02-27T14:04:04","date_gmt":"2019-02-27T21:04:04","guid":{"rendered":"http:\/\/www.salomon-tec.info\/tecinfo\/?page_id=680"},"modified":"2022-10-29T21:32:37","modified_gmt":"2022-10-30T04:32:37","slug":"aviso-de-privacidad","status":"publish","type":"page","link":"https:\/\/salomon-tec.info\/tecinfo\/aviso-de-privacidad\/","title":{"rendered":"Aviso de Privacidad"},"content":{"rendered":"\n\n\t<h2>RESPONSABLE DE LA<br \/>\nPROTECCI\u00d3N DE SUS DATOS PERSONALES<\/h2>\n<strong>Jos\u00e9 Angel Salom\u00f3n E.y\/o WWW.SALOMON-TEC.INFO<\/strong>, es responsable del tratamiento de sus datos personales y se<br \/>\ncompromete a asegurar la privacidad de la informaci\u00f3n personal obtenida a<br \/>\ntrav\u00e9s de sus servicios en l\u00ednea y otros medios permitidos por la ley. No<br \/>\nobstante, se sugiere leer la normativa descrita a continuaci\u00f3n para entender el<br \/>\ntratamiento de los datos proporcionados.\n<strong>C\u00f3mo contactarnos<\/strong>:<br \/>\n<strong>-Correo Electr\u00f3nico<\/strong>: <a href=\"mailto:contacto@salomon-tec.info?subject=Pol\u00edtica%20de%20Privacidad:%20\">mailto:contacto@s<\/a><a href=\"mailto:contacto@salomon-tec.info?subject=Pol\u00edtica%20de%20Privacidad:%20\">alomon-tec.info?subject=Pol\u00edtica de Privacidad:<\/a>\n<h2>\u00bfPARA QU\u00c9 FINES RECABAMOS<br \/>\nY UTILIZAMOS SUS DATOS PERSONALES?<\/h2>\nSus datos personales ser\u00e1n<br \/>\nutilizados para las siguientes finalidades:\n<ul>\n<li>Proveer los servicios y<br \/>\nproductos requeridos por usted;<\/li>\n<li>Informar sobre cambios o<br \/>\nnuevos productos o servicios que est\u00e9n relacionados con lo contratado o<br \/>\nadquirido por usted;<\/li>\n<li>Dar cumplimiento a<br \/>\nobligaciones contra\u00eddas con usted;<\/li>\n<li>Evaluar la calidad del<br \/>\nservicio;<\/li>\n<li>Realizar estudios<br \/>\ninternos sobre h\u00e1bitos de consumo de nuestros clientes.<\/li>\n<li>Desarrollar nuevos<br \/>\nproductos y servicios;<\/li>\n<li>Realizar la inscripci\u00f3n<br \/>\nen concursos, programas u ofertas que usted solicite;<\/li>\n<li>Informar respecto de<br \/>\npromociones, ofertas, novedades y eventos especiales.<\/li>\n\n<\/ul>\nPara el caso de candidatos y<br \/>\ncolaboradores y\/o empleados de <strong>WWW.SALOMON-TEC.INFO<\/strong>,<br \/>\nutilizar\u00e1 sus datos personales con la finalidad de:\n<ul>\n<li>Enviar v\u00eda correo<br \/>\nelectr\u00f3nico o por cualquier otro medio, informaci\u00f3n de inter\u00e9s relacionada<br \/>\ncon\u00a0 <strong>WWW.SALOMON-TEC.INFO<\/strong>.<\/li>\n<li>Enviar comunicados<br \/>\nrelativos a actividades y eventos; material informativo, de estudio o de<br \/>\ntrabajo, notificaciones de servicios, mensajes administrativos, boletines y<br \/>\n\u00abflashes\u00bb informativos, art\u00edculos y opiniones propios de la<br \/>\nactividad\u00a0 y\u00a0 de\u00a0 los\u00a0 fines\u00a0 de\u00a0\u00a0 <strong>WWW.SALOMON-TEC.INFO<\/strong><\/li>\n<\/ul>\nPara las finalidades antes mencionadas requerimos los siguientes<br \/>\ndatos:\n<ul>\n<li>Nombre, RFC, domicilio<br \/>\nfiscal y domicilio para entregas de paqueter\u00eda, fecha de nacimiento,<br \/>\nnacionalidad, sexo, correo electr\u00f3nico, tel\u00e9fono e informaci\u00f3n de pago. La<br \/>\ninformaci\u00f3n suministrada durante el proceso de registro o inscripci\u00f3n a alg\u00fan<br \/>\nprograma y promociones se emplea para realizar estudios internos sobre,<br \/>\nintereses y comportamiento de los usuarios; con la finalidad de proporcionarles<br \/>\nproductos, servicios, contenidos y publicidad acordes a sus necesidades.<\/li>\n<\/ul>\n<h2>\u00bfQU\u00c9 DATOS<br \/>\nPERSONALES OBTENDREMOS Y EN D\u00d3NDE?<\/h2>\nPara<br \/>\nlas finalidades se\u00f1aladas en el presente aviso de privacidad, se recopilar\u00e1 la<br \/>\ninformaci\u00f3n de diferentes formas; cuando usted nos la proporcione\u00a0personalmente; cuando usted<br \/>\nvisite nuestras sucursales en el \u00e1rea de cajas, m\u00f3dulos de informaci\u00f3n, haga<br \/>\nuso del buz\u00f3n de quejas y sugerencias, o bien, cuando visite el sitio web\u00a0<strong>WWW.SALOMON-TEC.INFO<\/strong>\u00a0y utilice nuestros servicios en l\u00ednea.\nRecabamos<br \/>\ndatos personales de forma\u00a0directa\u00a0cuando usted mismo nos los proporciona<br \/>\npor diversos medios, cuando participa en nuestras promociones o nos da<br \/>\ninformaci\u00f3n con objeto de que le prestemos un servicio.\nEl<br \/>\nSitio\u00a0www.salomon-tec.info, en<br \/>\nninguno de sus formularios recaba Datos Personales Sensibles.\nLos datos que obtenemos cuando<br \/>\nvisita nuestro sitio de internet o utiliza nuestros servicios en l\u00ednea y\/o<br \/>\nllama a nuestros tel\u00e9fonos son:\n<ul>\n<li>Nombre<\/li>\n<li>Sexo<\/li>\n<li>Domicilio fiscal<\/li>\n<li>Domicilio para entregas<br \/>\nde paqueter\u00eda<\/li>\n<li>Correo electr\u00f3nico<\/li>\n<li>Tel\u00e9fono<\/li>\n<li>R.F.C.<\/li>\n<li>Fecha de nacimiento.<\/li>\n<li>Informaci\u00f3n de pago o<br \/>\nbancaria, como son: nombre de banco o instituci\u00f3n, fecha y hora de dep\u00f3sito,<br \/>\nimporte, referencia bancaria, etc.<\/li>\n<\/ul>\nTodos aquellos datos personales que<br \/>\nel usuario o cliente ingresen voluntariamente en dicha direcci\u00f3n electr\u00f3nica,<br \/>\nse sujetar\u00e1n a las normas de seguridad y privacidad.\nLa informaci\u00f3n solicitada permitir\u00e1<br \/>\ncontactar a los clientes cuando sea necesario. Los usuarios podr\u00e1n ser<br \/>\ncontactados por tel\u00e9fono o correo electr\u00f3nico en caso de que se requieran datos<br \/>\nadicionales para completar alguna transacci\u00f3n.\n<h2>\u00bfC\u00d3MO PUEDE<br \/>\nLIMITAR EL USO O DIVULGACION DE SUS DATOS PERSONALES?<\/h2>\nLos datos personales proporcionados<br \/>\npor el usuario o cliente formar\u00e1n parte de un archivo que contendr\u00e1 su perfil,<br \/>\nel cual podr\u00e1 ser modificado por el titular en cualquier momento utilizando los<br \/>\nn\u00fameros de usuario\/socio y de contrase\u00f1a privada asignados, que tambi\u00e9n pueden<br \/>\nser modificados v\u00eda telef\u00f3nica o por correo electr\u00f3nico.\nSe aconseja al usuario actualizar<br \/>\nsus datos peri\u00f3dicamente y proteger la confidencialidad de su informaci\u00f3n de<br \/>\nacceso.\nAsimismo, si participa en<br \/>\npromociones v\u00eda correo electr\u00f3nico podr\u00e1 en cualquier momento desactivar este<br \/>\nservicio.\nPara<br \/>\ndejar de recibir correos electr\u00f3nicos con promocionales, se puede poner en<br \/>\ncontacto con nuestro Encargado del \u00c1rea de Protecci\u00f3n de Datos Personales en el<br \/>\ncorreo electr\u00f3nico\u00a0<a href=\"mailto:elcliente@gandhi.com.mx\" target=\"_blank\" rel=\"noreferrer noopener\">contacto@salomon-tec.info<\/a>.\n<h2>\u00bfC\u00d3MO ACCEDER O<br \/>\nRECTIFICAR SUS DATOS PERSONALES O CANCELAR U OPONERSE A SU USO?<\/h2>\nUsted<br \/>\ntiene derecho de\u00a0<strong>acceder<\/strong>\u00a0a sus datos personales que poseemos y a los detalles del<br \/>\ntratamiento de los mismos, as\u00ed como a\u00a0<strong>rectificarlos<\/strong>\u00a0en caso de ser inexactos o incompletos;\u00a0<strong>cancelarlos<\/strong>\u00a0cuando considere que no se requiere para alguna de las<br \/>\nfinalidades se\u00f1aladas en el presente aviso de privacidad, est\u00e9n siendo<br \/>\nutilizados para finalidades no consentidas o haya finalizado la relaci\u00f3n<br \/>\ncontractual o de servicio, o bien,\u00a0<strong>oponerse<\/strong>\u00a0al tratamiento de los mismos para fines espec\u00edficos, estos<br \/>\nderechos en conjunto, se denominan\u00a0<strong>Derechos ARCO.<\/strong>\nTodo titular de datos personales,<br \/>\ncomo usted, o en su caso, su representante legal, puede ejercer cualquiera de<br \/>\nlos derechos para acceder, o rectificar sus datos personales o cancelar u<br \/>\noponerse a su uso, cancelaci\u00f3n u oposici\u00f3n ante las empresas que los tengan en<br \/>\nsus bases de datos.\nEs importante tener en cuenta que el<br \/>\nejercicio de cada uno de estos derechos es independiente entre s\u00ed, es decir, no<br \/>\nes necesario agotar uno para ejercer alguno de los otros tres.\n<h3>Procedimiento para<br \/>\nAcceder, o Rectificar sus Datos Personales o Cancela u Oponerse a su Uso.<\/h3>\n<em>Los mecanismos que se han implementado para el ejercicio de<br \/>\ndichos derechos ARCO son a trav\u00e9s de la presentaci\u00f3n de la solicitud respectiva<br \/>\npor escrito, ante nuestro Encargado del \u00c1rea de Protecci\u00f3n de Datos Personales<\/em><em>\u00a0enviando su solicitud<br \/>\nal correo: contacto@salomon-tec.info.<\/em>\n<em>Una vez presentada la solicitud,<\/em><em>\u00a0<\/em> <strong>WWW.SALOMON-TEC.INFO<\/strong><em>\u00a0<\/em><em>cuenta con un plazo m\u00e1ximo de 20 d\u00edas h\u00e1biles para responder, y<br \/>\n15 d\u00edas h\u00e1biles m\u00e1s para hacer efectivo el ejercicio del derecho que solicite,<br \/>\nen caso de que resulte procedente.<\/em>\n<em>Los plazos podr\u00e1n ser ampliados por una sola vez y por un<br \/>\nperiodo igual cuando existan hechos que lo justifiquen.<\/em>\n<strong>WWW.SALOMON-TEC.INFO<\/strong><em> puede negarse total o parcialmente a permitir el acceso, o a<br \/>\nrealizar la rectificaci\u00f3n o cancelaci\u00f3n de los datos personales, o a conceder<br \/>\nla oposici\u00f3n al tratamiento de los mismos cuando:<\/em>\n<ul>\n<li><em>El solicitante no sea el<br \/>\ntitular de los datos personales, o el representante no est\u00e9 debidamente<br \/>\nacreditado.<\/em><\/li>\n<li><em>La persona f\u00edsica o<br \/>\nempresa no tenga en su posesi\u00f3n los datos personales<\/em><\/li>\n<li><em>Se lesionen datos<br \/>\npersonales de un tercero.<\/em><\/li>\n<li><em>Exista alg\u00fan impedimento<br \/>\nlegal o resoluci\u00f3n de autoridad competente que restrinja el ejercicio de alguno<br \/>\nde los derechos ARCO.<\/em><\/li>\n<li><em>La rectificaci\u00f3n,<br \/>\ncancelaci\u00f3n y oposici\u00f3n solicitada haya sido previamente realizada.<\/em><\/li>\n<li><em>Cuando se afecten los<br \/>\nderechos contractuales de<\/em><em>\u00a0<\/em> <strong>WWW.SALOMON-TEC.INFO<\/strong><strong><em>.<\/em><\/strong><\/li>\n<\/ul>\n<strong>WWW.SALOMON-TEC.INFO<\/strong><em>\u00a0<\/em><em>deber\u00e1 comunicar y justificar cuando se actualice alguno de los<br \/>\nanteriores supuestos y no pueda llevar a cabo la acci\u00f3n que le fue solicitada.<\/em>\n<em>La entrega de los datos ser\u00e1 gratuita, debiendo cubrir el<br \/>\ntitular \u00fanicamente los gastos justificados de env\u00edo o con el costo de<br \/>\nreproducci\u00f3n en copias u otros formatos. No obstante, si la misma persona<br \/>\nreitera su solicitud en un periodo menor a doce meses, los costos no ser\u00e1n<br \/>\nmayores a tres d\u00edas de Salario M\u00ednimo General Vigente en el Distrito Federal, a<br \/>\nmenos que existan modificaciones al aviso de privacidad que motiven nuevas<br \/>\nconsultas,<\/em>\n<h3>Su solicitud deber\u00e1<br \/>\ncontener la siguiente informaci\u00f3n:<\/h3>\n<em>La petici\u00f3n se deber\u00e1 presentar en la direcci\u00f3n antes se\u00f1alada,<br \/>\no bien, v\u00eda correo electr\u00f3nico al e-mail antes se\u00f1alado. La solicitud deber\u00e1<br \/>\ncontener los siguientes datos:<\/em>\n<ul>\n<li><em>Su nombre y domicilio o medio para recibir comunicaciones.<\/em><\/li>\n<li><em>Su identificaci\u00f3n o documentos que acrediten la personalidad de su representante legal.<\/em><\/li>\n<li><em>Especificar los datos a que desea acceder o rectificar o cancelar u oponerse a su uso, seg\u00fan sea el<br \/>\ncaso, as\u00ed como alg\u00fan documento que justifique la rectificaci\u00f3n, o bien,<\/em><\/li>\n<li><em>Cualquier otro elemento o documento que facilite la localizaci\u00f3n de sus datos personales.<\/em><\/li>\n<\/ul>\n<h3>Los plazos para atender su solicitud son los siguientes:<\/h3>\n<em>Una vez presentada la solicitud,<\/em><em>\u00a0<\/em><strong>WWW.SALOMON-TEC.INFO<\/strong><em>\u00a0<\/em><em>cuenta con un plazo m\u00e1ximo de 20 d\u00edas h\u00e1biles para responder, y 15 d\u00edas h\u00e1biles m\u00e1s para hacer efectivos el ejercicio del derecho que solicite,<br \/>\nen caso de que resulte procedente.<\/em>\n<p><em>Los plazos podr\u00e1n ser ampliados por una sola vez y por un periodo igual cuando existan hechos que lo justifiquen.<\/em><\/p>\nPara conocer los procedimientos, los requisitos y plazos, se puede poner en contacto<br \/>\ncon nuestro Encargado del \u00c1rea de Protecci\u00f3n de Datos Personales en el correo<br \/>\nelectr\u00f3nico\u00a0<a href=\"mailto:contacto@salomon-tec.info\">contacto@salomon-tec.info<\/a>.\n<h2>\u00bfC\u00d3MO SE PUEDE REVOCAR SU CONSENTIMIENTO PARA EL TRATAMIENTO DE SUS DATOS?<\/h2>\n<p>En todo momento, usted podr\u00e1 revocar el consentimiento que nos ha otorgado para el tratamiento de sus datos personales, a fin de que dejemos de hacer uso de los mismos.<\/p>\n<strong>Procedimiento<br \/>\npara revocar su consentimiento.<\/strong>\n<p><em>Para ello, es necesario que presente su petici\u00f3n enviando<\/em><em> su solicitud al correo<\/em><em>\u00a0<\/em><a href=\"mailto:admin@soldadorasproductivas.com.mx\" target=\"_blank\" rel=\"noreferrer noopener\"><em>contacto@salomon-tec.info<\/em><\/a><em>.<\/em><\/p>\n<em>Una vez presentada la solicitud,<\/em><em>\u00a0<\/em> <strong>WWW.SALOMON-TEC.INFO<\/strong><em>\u00a0<\/em><em>cuenta con un plazo m\u00e1ximo de 20 d\u00edas h\u00e1biles para responder, y 15 d\u00edas h\u00e1biles m\u00e1s para hacer efectivo el ejercicio del derecho que solicite,<br \/>\nen caso de que resulte procedente.<\/em>\n<p><em>Los plazos podr\u00e1n ser ampliados por una sola vez y por un periodo igual cuando existan hechos que lo justifiquen.<\/em><\/p>\n<h3>Su petici\u00f3n deber\u00e1 ir acompa\u00f1ada de la siguiente informaci\u00f3n<\/h3>\n<p><em>Para una correcta atenci\u00f3n a su solicitud para revocar su consentimiento para el uso de sus datos personales se deber\u00e1 presentar en la direcci\u00f3n antes se\u00f1alada, o bien, v\u00eda correo electr\u00f3nico al e-mail antes se\u00f1alado la solicitud que contenga los siguientes datos:<\/em><\/p>\n<ul>\n<li><em>Su nombre y domicilio o medio para recibir comunicaciones.<\/em><\/li>\n<li><em>Su identificaci\u00f3n o documentos que acrediten la personalidad de su representante legal.<\/em><\/li>\n<li><em>Especificar los datos respecto de los cuales desea revocar su consentimiento para el tratamiento de<br \/>\nde los mismos.<\/em><\/li>\n<li><em>Cualquier otro elemento o documento que facilite la localizaci\u00f3n de sus datos personales.<\/em><\/li>\n<\/ul>\n<h3>Los plazos para atender su solicitud son los siguientes:<\/h3>\n<p><em>Una vez presentada la solicitud,<\/em><em>\u00a0<\/em><strong>WWW.SALOMON-TEC.INFO<\/strong><em>\u00a0<\/em><em>cuenta con un plazo m\u00e1ximo de 20 d\u00edas h\u00e1biles para responder, y 15 d\u00edas h\u00e1biles m\u00e1s para hacer efectivo la revocaci\u00f3n de su consentimiento para el tratamiento de sus datos, en caso de que resulte procedente.<\/em><\/p>\n<p><em>Los plazos podr\u00e1n ser ampliados por una sola vez y por un periodo igual cuando existan hechos que lo justifiquen.<\/em><\/p>\n<h2>COOKIES Y WEB BEACONS<\/h2>\n<p>Las\u00a0<strong>cookies<\/strong> son archivos de texto que son descargados autom\u00e1ticamente y almacenados en el disco duro del equipo de c\u00f3mputo del usuario al navegar en una p\u00e1gina de internet espec\u00edfica, que permiten recordar al servidor de Internet algunos datos sobre los usuarios que acceden al portal electr\u00f3nico www.salomon-tec.info, as\u00ed como as\u00ed como para rastrear determinados comportamientos o actividades.<\/p>\nLas cookies permiten reconocer a los usuarios, detectar el ancho de banda que han seleccionado, identificar la informaci\u00f3n m\u00e1s destacada, calcular el tama\u00f1o de la audiencia y medir algunos<br \/>\npar\u00e1metros de tr\u00e1fico.\nPor su parte, las\u00a0<strong>web beacons<\/strong> son\u00a0 insertadas en una p\u00e1gina de internet o correo electr\u00f3nico, que pueden ser utilizados para monitorear el comportamiento de un visitante, como almacenar informaci\u00f3n sobre su direcci\u00f3n IP, duraci\u00f3n del tiempo de interacci\u00f3n en dicha p\u00e1gina y el tipo<br \/>\nde navegador utilizado, entre otros.\n<p>Utilizamos los cookies y web beacons para obtener informaci\u00f3n personal de usted, como la siguiente:<\/p>\n-Su tipo de navegador y sistema operativo.<br \/>\n-Las p\u00e1ginas de internet que visita.<br \/>\n-Los v\u00ednculos que sigue.<br \/>\n-La direcci\u00f3n IP.<br \/>\n-El sitio que visit\u00f3 antes de entrar al nuestro.\nEstas cookies y otras tecnolog\u00edas pueden ser deshabilitadas. Para conocer c\u00f3mo hacerlo,<br \/>\nconsulte el siguiente v\u00ednculo o direcci\u00f3n electr\u00f3nica (<a href=\"http:\/\/windows.microsoft.com\/es-MX\/internet-explorer\/products\/ie\/home\" target=\"_blank\" rel=\"noreferrer noopener\">Explorer<\/a>,\u00a0<a href=\"http:\/\/www.mozilla.com\/es-MX\/firefox\/\" target=\"_blank\" rel=\"noreferrer noopener\">Firefox<\/a>,\u00a0<a href=\"http:\/\/www.google.com\/chrome?hl=es\" target=\"_blank\" rel=\"noreferrer noopener\">Chrome<\/a>)\n<h2>TRANSFERENCIA DE<br \/>\nDATOS PERSONALES Y CONFIDENCIALIDAD<\/h2>\n<p>Cuando el usuario se encuentre en el sitio web (<a href=\"http:\/\/www.SoldadorasProductivas.com.mx\">www.salomon-tec.info<\/a>), compartir\u00e1 su informaci\u00f3n Salomon Tec.Info, salvo que se especifique lo contrario.<\/p>\nSalomon Tec.Info no tiene obligaci\u00f3n alguna de mantener confidencial cualquier otra informaci\u00f3n<br \/>\nque el usuario proporcione por medio de boletines y pl\u00e1ticas en l\u00ednea (chats),<br \/>\nas\u00ed como a trav\u00e9s de las cookies, lo anterior con base en los t\u00e9rminos<br \/>\nestablecidos en el art\u00edculo 109 de la Ley Federal del Derecho de Autor y del<br \/>\nart\u00edculo 76 bis, fracci\u00f3n I, de la Ley Federal de Protecci\u00f3n al Consumidor.\nS\u00f3lo<br \/>\nse podr\u00e1 difundir la informaci\u00f3n en casos especiales, como identificar,<br \/>\nlocalizar o realizar acciones legales contra aquellas personas que infrinjan<br \/>\nlas condiciones de servicio del sitio web (<a href=\"http:\/\/www.SoldadorasProductivas.com.mx\">www.salomon-tec.info<\/a>), causen da\u00f1os a, o interfieran en, los derechos de Salomon Tec.Info, sus propiedades, de otros<br \/>\nusuarios del portal o de cualquier persona que pudiese resultar perjudicada por<br \/>\ndichas acciones.\nSalomon Tec.Info <strong>NO<\/strong>\u00a0vender\u00e1, regalar\u00e1, facilitar\u00e1 ni alquilar\u00e1 informaci\u00f3n<br \/>\nconfidencial a terceros. Si el usuario no desea que sus datos sean compartidos,<br \/>\npodr\u00e1 prescindir de un servicio determinado o abstenerse de participar en<br \/>\nnuestras promociones o concursos.\nSalomon Tec.Info, se compromete a no transferir su informaci\u00f3n personal a terceros sin<br \/>\nsu consentimiento, salvo las excepciones previstas en los ordenamientos<br \/>\nlegales.\nSus<br \/>\ndatos personales ser\u00e1n utilizados para las finalidades se\u00f1aladas en este aviso<br \/>\nde privacidad, por tanto, Salomon Tec.Info <strong>NO<\/strong>\u00a0compartir\u00e1 informaci\u00f3n confidencial<br \/>\ncon terceras partes, salvo expresa autorizaci\u00f3n de sus suscriptores o cuando<br \/>\npor medio de una orden judicial se requiera para cumplir con ciertas<br \/>\ndisposiciones procesales.\nLa seguridad y la confidencialidad<br \/>\nde los datos que los usuarios proporcionen al contratar un servicio o comprar<br \/>\nun producto en l\u00ednea estar\u00e1n protegidos por un servidor seguro bajo el<br \/>\nprotocolo Secure Socket Layer (SSL), de tal forma que los datos enviados se<br \/>\ntransmitir\u00e1n encriptados para asegurar su resguardo.\nPara<br \/>\nverificar que se encuentra en un entorno protegido aseg\u00farese de que aparezca<br \/>\nuna\u00a0<strong>S<\/strong>\u00a0en la barra de navegaci\u00f3n. Ejemplo: http<strong>S:\/\/.<\/strong>\nSin embargo, y a pesar de contar<br \/>\ncada d\u00eda con herramientas m\u00e1s seguras, la protecci\u00f3n de los datos enviados a<br \/>\ntrav\u00e9s de Internet no se puede garantizar al 100%; por lo que una vez<br \/>\nrecibidos, se har\u00e1 todo lo posible por salvaguardar la informaci\u00f3n.\nNos comprometemos a no transferir su<br \/>\ninformaci\u00f3n personal a terceros sin su consentimiento, salvo las excepciones<br \/>\nprevistas en el art\u00edculo 37 de la Ley Federal de Protecci\u00f3n de Datos Personales<br \/>\nen Posesi\u00f3n de los Particulares, as\u00ed como a realizar esta transferencia en los<br \/>\nt\u00e9rminos que fija la ley.\nArt\u00edculo<br \/>\n37 de la Ley Federal de Protecci\u00f3n de Datos Personales en Posesi\u00f3n de los<br \/>\nParticulares.<br \/>\n<em>Art\u00edculo 37.- Las<br \/>\ntransferencias nacionales o internacionales de datos podr\u00e1n llevarse a cabo sin<br \/>\nel consentimiento del titular cuando se d\u00e9 alguno de los siguientes supuestos:<\/em>\n<em>I.\u00a0\u00a0\u00a0 Cuando la transferencia est\u00e9 prevista en<br \/>\nuna Ley o Tratado en los que M\u00e9xico sea parte;<\/em>\n<em>II.\u00a0\u00a0 Cuando la transferencia sea necesaria para la<br \/>\nprevenci\u00f3n o el diagn\u00f3stico m\u00e9dico, la prestaci\u00f3n de asistencia sanitaria,<br \/>\ntratamiento m\u00e9dico o la gesti\u00f3n de servicios sanitarios;<\/em>\n<em>III.\u00a0 Cuando la transferencia sea efectuada a sociedades controladoras,<br \/>\nsubsidiarias o afiliadas bajo el control com\u00fan del responsable, o a una<br \/>\nsociedad matriz o a cualquier sociedad del mismo grupo del responsable que<br \/>\nopere bajo los mismos procesos y pol\u00edticas internas;<\/em>\n<em>IV.\u00a0 Cuando la transferencia sea necesaria por virtud de un<br \/>\ncontrato celebrado o por celebrar en inter\u00e9s del titular, por el responsable y<br \/>\nun tercero;<\/em>\n<em>V.\u00a0\u00a0 Cuando la transferencia sea necesaria o<br \/>\nlegalmente exigida para la salvaguarda de un inter\u00e9s p\u00fablico, o para la<br \/>\nprocuraci\u00f3n o administraci\u00f3n de justicia;<\/em>\n<em>VI.\u00a0 Cuando la transferencia sea precisa para el<br \/>\nreconocimiento, ejercicio o defensa de un derecho en un proceso judicial, y<\/em>\n<em>VII. Cuando la transferencia sea precisa para el mantenimiento o<br \/>\ncumplimiento de una relaci\u00f3n jur\u00eddica entre el responsable y el titular.<\/em>\n<h2>MENORES DE EDAD<\/h2>\nLa salvaguarda de la informaci\u00f3n<br \/>\ninfantil es extremadamente importante, por lo que ser\u00e1n m\u00ednimos los datos<br \/>\nsolicitados para brindar los servicios que se le proporcione a este sector.\nSe recomienda a los padres y tutores<br \/>\nque asesoren a los menores de edad al momento de navegar por Internet y que<br \/>\naprueben el env\u00edo de cualquier tipo de informaci\u00f3n personal.\n<h2>MODIFICACIONES AL<br \/>\nAVISO DE PRIVACIDAD<\/h2>\nSalomon Tec.Info se reserva el<br \/>\nderecho de efectuar en cualquier momento, modificaciones o actualizaciones<br \/>\nal\u00a0 presente aviso de privacidad y adaptarlas a novedades legislativas,<br \/>\njurisprudenciales, pol\u00edticas internas o nuevos requerimientos para la<br \/>\nprestaci\u00f3n u ofrecimiento de nuestros servicios o productos.\nEstas<br \/>\nmodificaciones estar\u00e1n disponibles al p\u00fablico a trav\u00e9s de los siguientes<br \/>\nmedios: i) en nuestra p\u00e1gina de internet (<a href=\"http:\/\/www.gandhi.com.mx\/gandhi\/Ayuda\/ayuda.cfm?Archivo=ayuda_privacidad.html\">Aviso de Disponibilidad<\/a>); ii) anuncios visibles en nuestras sucursales; iii) o se las<br \/>\nharemos llegar al \u00faltimo correo electr\u00f3nico que nos haya proporcionado.\nQueda bajo responsabilidad del<br \/>\nusuario leer peri\u00f3dicamente las pol\u00edticas de privacidad para estar al tanto de<br \/>\ndichas modificaciones.\n<h2>ACEPTACI\u00d3N DE<br \/>\nT\u00c9RMINO<\/h2>\nEsta declaraci\u00f3n de Confidencialidad \/ Privacidad<br \/>\nest\u00e1 sujeta a los\u00a0t\u00e9rminos y condiciones de el sitio web de Salomon<br \/>\nTec.Info antes descritos, lo cual constituye un acuerdo legal entre el usuario Salomon<br \/>\nTec.Info. Si el usuario utiliza los servicios de Salomon Tec.Info, significa<br \/>\nque ha le\u00eddo, entendido y acordado los t\u00e9rminos antes expuestos. Si no est\u00e1 de<br \/>\nacuerdo con ellos, el usuario no deber\u00e1 proporcionar ninguna informaci\u00f3n<br \/>\npersonal, ni utilizar los servicios del sitio Salomon Tec.Info.\n<h2>\u00bfANTE QUI\u00c9N PUEDE<br \/>\nPRESENTAR SUS QUEJAS Y DENUNCIAS POR EL TRATAMIENTO INDEBIDO DE SUS DATOS<br \/>\nPERSONALES?<\/h2>\nSi<br \/>\nusted considera que su derecho de protecci\u00f3n de datos personales ha sido<br \/>\nlesionado por alguna conducta de nuestros empleados o de nuestras actuaciones o<br \/>\nexiste alguna violaciones a las disposiciones previstas en la Ley Federal de<br \/>\nProtecci\u00f3n de Datos Personales en Posesi\u00f3n de los Particulares, podr\u00e1<br \/>\ninterponer la queja o denuncia correspondiente ante el Instituto Federal de<br \/>\nAcceso a la Informaci\u00f3n y Protecci\u00f3n de Datos (IFAI), para mayor informaci\u00f3n<br \/>\nvisite <a href=\"http:\/\/www.ifai.org.mx\/\">www.ifai.org.mx<\/a>.\n\n","protected":false},"excerpt":{"rendered":"<p>RESPONSABLE DE LA PROTECCI\u00d3N DE SUS DATOS PERSONALES Jos\u00e9 Angel Salom\u00f3n E.y\/o WWW.SALOMON-TEC.INFO, es responsable del tratamiento de sus datos&hellip;<\/p>\n","protected":false},"author":1,"featured_media":0,"parent":0,"menu_order":0,"comment_status":"closed","ping_status":"closed","template":"","meta":{"_monsterinsights_skip_tracking":false,"_monsterinsights_sitenote_active":false,"_monsterinsights_sitenote_note":"","_monsterinsights_sitenote_category":0,"jetpack_post_was_ever_published":false,"footnotes":""},"class_list":["post-680","page","type-page","status-publish","hentry"],"aioseo_notices":[],"jetpack_shortlink":"https:\/\/wp.me\/PaL7Fl-aY","jetpack_sharing_enabled":true,"_links":{"self":[{"href":"https:\/\/salomon-tec.info\/tecinfo\/wp-json\/wp\/v2\/pages\/680","targetHints":{"allow":["GET"]}}],"collection":[{"href":"https:\/\/salomon-tec.info\/tecinfo\/wp-json\/wp\/v2\/pages"}],"about":[{"href":"https:\/\/salomon-tec.info\/tecinfo\/wp-json\/wp\/v2\/types\/page"}],"author":[{"embeddable":true,"href":"https:\/\/salomon-tec.info\/tecinfo\/wp-json\/wp\/v2\/users\/1"}],"replies":[{"embeddable":true,"href":"https:\/\/salomon-tec.info\/tecinfo\/wp-json\/wp\/v2\/comments?post=680"}],"version-history":[{"count":3,"href":"https:\/\/salomon-tec.info\/tecinfo\/wp-json\/wp\/v2\/pages\/680\/revisions"}],"predecessor-version":[{"id":1160,"href":"https:\/\/salomon-tec.info\/tecinfo\/wp-json\/wp\/v2\/pages\/680\/revisions\/1160"}],"wp:attachment":[{"href":"https:\/\/salomon-tec.info\/tecinfo\/wp-json\/wp\/v2\/media?parent=680"}],"curies":[{"name":"wp","href":"https:\/\/api.w.org\/{rel}","templated":true}]}}