{"id":841,"date":"2019-03-04T22:15:32","date_gmt":"2019-03-05T05:15:32","guid":{"rendered":"http:\/\/salomon-tec.info\/tecinfo\/?page_id=841"},"modified":"2020-04-22T21:35:54","modified_gmt":"2020-04-23T04:35:54","slug":"galeria-proyectos","status":"publish","type":"page","link":"https:\/\/salomon-tec.info\/tecinfo\/galeria-proyectos\/","title":{"rendered":"Galeria Proyectos"},"content":{"rendered":"\n<h2>Portafolio de Sitios y Aplicaciones Web<\/h2>\n<p>Ya sea un sitio web &#8216;puro&#8217; con HTML, CSS y Javascript; a una aplicaci\u00f3n tipo CMS basada en WordPress, Drupal, Orchard o cualquier sistema basado en Linux, Apache, MySQL y PHP (stack LAMP), o Windows, .NET, SQLServer y C# que se ajuste a sus necesidades; seguro podemos darle una soluci\u00f3n para su p\u00e1gina web tipo portafolio, su sitio de comercio electr\u00f3nico o el requerimiento que usted tenga.<\/p>\n\t\t\t\t\t\t    \t<img loading=\"lazy\" decoding=\"async\" width=\"250\" height=\"141\" src=\"https:\/\/i0.wp.com\/salomon-tec.info\/tecinfo\/wp-content\/uploads\/2019\/07\/salomon-tec-info-portafolio-ingenieria-integral-dise\u00f1o-escritorio-1.jpg?resize=250%2C141\" alt=\"Dise\u00f1o web para m\u00f3vil para ingenier\u00eda el\u00e9ctrica integral - salomon tec.info\" srcset=\"https:\/\/i0.wp.com\/salomon-tec.info\/tecinfo\/wp-content\/uploads\/2019\/07\/salomon-tec-info-portafolio-ingenieria-integral-dise\u00f1o-escritorio-1.jpg?w=1200 1200w, https:\/\/i0.wp.com\/salomon-tec.info\/tecinfo\/wp-content\/uploads\/2019\/07\/salomon-tec-info-portafolio-ingenieria-integral-dise\u00f1o-escritorio-1.jpg?resize=300%2C170 300w, https:\/\/i0.wp.com\/salomon-tec.info\/tecinfo\/wp-content\/uploads\/2019\/07\/salomon-tec-info-portafolio-ingenieria-integral-dise\u00f1o-escritorio-1.jpg?resize=768%2C434 768w, https:\/\/i0.wp.com\/salomon-tec.info\/tecinfo\/wp-content\/uploads\/2019\/07\/salomon-tec-info-portafolio-ingenieria-integral-dise\u00f1o-escritorio-1.jpg?resize=1024%2C579 1024w, https:\/\/i0.wp.com\/salomon-tec.info\/tecinfo\/wp-content\/uploads\/2019\/07\/salomon-tec-info-portafolio-ingenieria-integral-dise\u00f1o-escritorio-1.jpg?resize=250%2C141 250w\" sizes=\"auto, (max-width: 250px) 100vw, 250px\">\t\t\t\t\t\t\t\t \n\t\t\t\t\t\t                    \t<h2><a href=\"http:\/\/salomon-tec.info\/tecinfo\/portfolio\/ingenieriaintegraldeldesierto-com\/\" title=\"Ingenieriaintegraldeldesierto.com\">Ingenieriaintegraldeldesierto.com<\/a><\/h2>\n\t\t\t\t\t\t                         <ul><li>12 Jul 2019| <\/li><li><a href=\"http:\/\/salomon-tec.info\/tecinfo\/project-type\/servicios\/\">Servicios<\/a>,<\/li><\/ul>\t\t\t\t\t\t                    \n\t\t\t\t\t\t                \t<p>Sitio web para inmobiliaria, con funciones para administrar su catalogo de viviendas de una manera simple.<\/p>\n<h3>Comparte esto:<\/h3><ul><li><a rel=\"nofollow noopener noreferrer\" data-shared=\"\" href=\"http:\/\/salomon-tec.info\/tecinfo\/portfolio\/ingenieriaintegraldeldesierto-com\/#print\" target=\"_blank\" title=\"Haz clic para imprimir\">Imprimir<\/a><\/li><li><a rel=\"nofollow noopener noreferrer\" data-shared=\"sharing-facebook-1058\" href=\"http:\/\/salomon-tec.info\/tecinfo\/portfolio\/ingenieriaintegraldeldesierto-com\/?share=facebook\" target=\"_blank\" title=\"Haz clic para compartir en Facebook\">Facebook<\/a><\/li><li><a rel=\"nofollow noopener noreferrer\" data-shared=\"\" href=\"http:\/\/salomon-tec.info\/tecinfo\/portfolio\/ingenieriaintegraldeldesierto-com\/?share=jetpack-whatsapp\" target=\"_blank\" title=\"Haz clic para compartir en WhatsApp\">WhatsApp<\/a><\/li><li><a rel=\"nofollow noopener noreferrer\" data-shared=\"sharing-twitter-1058\" href=\"http:\/\/salomon-tec.info\/tecinfo\/portfolio\/ingenieriaintegraldeldesierto-com\/?share=twitter\" target=\"_blank\" title=\"Haz clic para compartir en Twitter\">Twitter<\/a><\/li><li><\/li><\/ul>\n\t<a href=\"http:\/\/salomon-tec.info\/tecinfo\/portfolio\/ingenieriaintegraldeldesierto-com\/\" target=\"_self\" \"=\"\" rel=\"noopener noreferrer\">\n\t\t        \t\tM\u00e1s Info\n\t\t\t<\/a>  \n\t\t\t\t\t\t    \t<img loading=\"lazy\" decoding=\"async\" width=\"250\" height=\"141\" src=\"https:\/\/i1.wp.com\/salomon-tec.info\/tecinfo\/wp-content\/uploads\/2019\/07\/salomon-tec-info-portafolio-se\u00f1alamientos-viales-dise\u00f1o-escritorio.jpg?resize=250%2C141\" alt=\"dise\u00f1o web para empresas de servicios p\u00fablicos - portafolio - salomon tec.info\" srcset=\"https:\/\/i1.wp.com\/salomon-tec.info\/tecinfo\/wp-content\/uploads\/2019\/07\/salomon-tec-info-portafolio-se\u00f1alamientos-viales-dise\u00f1o-escritorio.jpg?w=1360 1360w, https:\/\/i1.wp.com\/salomon-tec.info\/tecinfo\/wp-content\/uploads\/2019\/07\/salomon-tec-info-portafolio-se\u00f1alamientos-viales-dise\u00f1o-escritorio.jpg?resize=300%2C169 300w, https:\/\/i1.wp.com\/salomon-tec.info\/tecinfo\/wp-content\/uploads\/2019\/07\/salomon-tec-info-portafolio-se\u00f1alamientos-viales-dise\u00f1o-escritorio.jpg?resize=768%2C433 768w, https:\/\/i1.wp.com\/salomon-tec.info\/tecinfo\/wp-content\/uploads\/2019\/07\/salomon-tec-info-portafolio-se\u00f1alamientos-viales-dise\u00f1o-escritorio.jpg?resize=1024%2C578 1024w, https:\/\/i1.wp.com\/salomon-tec.info\/tecinfo\/wp-content\/uploads\/2019\/07\/salomon-tec-info-portafolio-se\u00f1alamientos-viales-dise\u00f1o-escritorio.jpg?resize=250%2C141 250w\" sizes=\"auto, (max-width: 250px) 100vw, 250px\">\t\t\t\t\t\t\t\t \n\t\t\t\t\t\t                    \t<h2><a href=\"http:\/\/salomon-tec.info\/tecinfo\/portfolio\/senalamientosyserviciosintegrales-com\/\" title=\"se\u00f1alamientosyserviciosintegrales.com\">se\u00f1alamientosyserviciosintegrales.com<\/a><\/h2>\n\t\t\t\t\t\t                         <ul><li>12 Jul 2019| <\/li><li><a href=\"http:\/\/salomon-tec.info\/tecinfo\/project-type\/servicios\/\">Servicios<\/a>,<\/li><\/ul>\t\t\t\t\t\t                    \n\t\t\t\t\t\t                \t<p>Dise\u00f1o desde cero de sitio web para empresa de servicios de automatizaci\u00f3n.<\/p>\n<h3>Comparte esto:<\/h3><ul><li><a rel=\"nofollow noopener noreferrer\" data-shared=\"\" href=\"http:\/\/salomon-tec.info\/tecinfo\/portfolio\/senalamientosyserviciosintegrales-com\/#print\" target=\"_blank\" title=\"Haz clic para imprimir\">Imprimir<\/a><\/li><li><a rel=\"nofollow noopener noreferrer\" data-shared=\"sharing-facebook-1056\" href=\"http:\/\/salomon-tec.info\/tecinfo\/portfolio\/senalamientosyserviciosintegrales-com\/?share=facebook\" target=\"_blank\" title=\"Haz clic para compartir en Facebook\">Facebook<\/a><\/li><li><a rel=\"nofollow noopener noreferrer\" data-shared=\"\" href=\"http:\/\/salomon-tec.info\/tecinfo\/portfolio\/senalamientosyserviciosintegrales-com\/?share=jetpack-whatsapp\" target=\"_blank\" title=\"Haz clic para compartir en WhatsApp\">WhatsApp<\/a><\/li><li><a rel=\"nofollow noopener noreferrer\" data-shared=\"sharing-twitter-1056\" href=\"http:\/\/salomon-tec.info\/tecinfo\/portfolio\/senalamientosyserviciosintegrales-com\/?share=twitter\" target=\"_blank\" title=\"Haz clic para compartir en Twitter\">Twitter<\/a><\/li><li><\/li><\/ul>\n\t<a href=\"http:\/\/salomon-tec.info\/tecinfo\/portfolio\/senalamientosyserviciosintegrales-com\/\" target=\"_self\" \"=\"\" rel=\"noopener noreferrer\">\n\t\t        \t\tM\u00e1s Info\n\t\t\t<\/a>  \n\t\t\t\t\t\t    \t<img loading=\"lazy\" decoding=\"async\" width=\"250\" height=\"141\" src=\"https:\/\/i0.wp.com\/salomon-tec.info\/tecinfo\/wp-content\/uploads\/2019\/03\/salomon-tec-info-portafolio-productos-regionales-inicio.jpg?resize=250%2C141\" alt=\"DEMO de p\u00e1gina web de inicio para catalogo de productos artesanales o regionales\" srcset=\"https:\/\/i0.wp.com\/salomon-tec.info\/tecinfo\/wp-content\/uploads\/2019\/03\/salomon-tec-info-portafolio-productos-regionales-inicio.jpg?w=1360 1360w, https:\/\/i0.wp.com\/salomon-tec.info\/tecinfo\/wp-content\/uploads\/2019\/03\/salomon-tec-info-portafolio-productos-regionales-inicio.jpg?resize=300%2C169 300w, https:\/\/i0.wp.com\/salomon-tec.info\/tecinfo\/wp-content\/uploads\/2019\/03\/salomon-tec-info-portafolio-productos-regionales-inicio.jpg?resize=768%2C434 768w, https:\/\/i0.wp.com\/salomon-tec.info\/tecinfo\/wp-content\/uploads\/2019\/03\/salomon-tec-info-portafolio-productos-regionales-inicio.jpg?resize=1024%2C578 1024w\" sizes=\"auto, (max-width: 250px) 100vw, 250px\">\t\t\t\t\t\t\t\t \n\t\t\t\t\t\t                    \t<h2><a href=\"http:\/\/salomon-tec.info\/tecinfo\/portfolio\/purosonora-com-mx\/\" title=\"PUROSONORA.COM.MX\">PUROSONORA.COM.MX<\/a><\/h2>\n\t\t\t\t\t\t                         <ul><li>05 Mar 2019| <\/li><li><a href=\"http:\/\/salomon-tec.info\/tecinfo\/project-type\/comercial\/\">Comercial<\/a>,<\/li><\/ul>\t\t\t\t\t\t                    \n\t\t\t\t\t\t                \t<p>Aplicaci\u00f3n web para catalogo de productos artesanales. Incluye un formulario b\u00e1sico de orden de pedido.<\/p>\n<h3>Comparte esto:<\/h3><ul><li><a rel=\"nofollow noopener noreferrer\" data-shared=\"\" href=\"http:\/\/salomon-tec.info\/tecinfo\/portfolio\/purosonora-com-mx\/#print\" target=\"_blank\" title=\"Haz clic para imprimir\">Imprimir<\/a><\/li><li><a rel=\"nofollow noopener noreferrer\" data-shared=\"sharing-facebook-885\" href=\"http:\/\/salomon-tec.info\/tecinfo\/portfolio\/purosonora-com-mx\/?share=facebook\" target=\"_blank\" title=\"Haz clic para compartir en Facebook\">Facebook<\/a><\/li><li><a rel=\"nofollow noopener noreferrer\" data-shared=\"\" href=\"http:\/\/salomon-tec.info\/tecinfo\/portfolio\/purosonora-com-mx\/?share=jetpack-whatsapp\" target=\"_blank\" title=\"Haz clic para compartir en WhatsApp\">WhatsApp<\/a><\/li><li><a rel=\"nofollow noopener noreferrer\" data-shared=\"sharing-twitter-885\" href=\"http:\/\/salomon-tec.info\/tecinfo\/portfolio\/purosonora-com-mx\/?share=twitter\" target=\"_blank\" title=\"Haz clic para compartir en Twitter\">Twitter<\/a><\/li><li><\/li><\/ul>\n\t<a href=\"http:\/\/salomon-tec.info\/tecinfo\/portfolio\/purosonora-com-mx\/\" target=\"_self\" \"=\"\" rel=\"noopener noreferrer\">\n\t\t        \t\tM\u00e1s Info\n\t\t\t<\/a>  \n\t\t\t\t\t\t    \t<img loading=\"lazy\" decoding=\"async\" width=\"250\" height=\"141\" src=\"https:\/\/i1.wp.com\/salomon-tec.info\/tecinfo\/wp-content\/uploads\/2018\/04\/soyamway-portafolio-1.png?resize=250%2C141\" alt=\"Dise\u00f1o de tienda en l\u00ednea demostrativa para negocio multi nivel\" srcset=\"https:\/\/i1.wp.com\/salomon-tec.info\/tecinfo\/wp-content\/uploads\/2018\/04\/soyamway-portafolio-1.png?w=1000 1000w, https:\/\/i1.wp.com\/salomon-tec.info\/tecinfo\/wp-content\/uploads\/2018\/04\/soyamway-portafolio-1.png?resize=300%2C170 300w, https:\/\/i1.wp.com\/salomon-tec.info\/tecinfo\/wp-content\/uploads\/2018\/04\/soyamway-portafolio-1.png?resize=768%2C434 768w\" sizes=\"auto, (max-width: 250px) 100vw, 250px\">\t\t\t\t\t\t\t\t \n\t\t\t\t\t\t                    \t<h2><a href=\"http:\/\/salomon-tec.info\/tecinfo\/portfolio\/soyamway-com-mx\/\" title=\"SOYAMWAY.COM.MX\">SOYAMWAY.COM.MX<\/a><\/h2>\n\t\t\t\t\t\t                         <ul><li>05 Mar 2019| <\/li><li><a href=\"http:\/\/salomon-tec.info\/tecinfo\/project-type\/comercial\/\">Comercial<\/a>,<\/li><\/ul>\t\t\t\t\t\t                    \n\t\t\t\t\t\t                \t<p>Aplicaci\u00f3n de comercio electr\u00f3nico basada en WordPress, en plataforma LAMP (Linux, Apache, MySQL y PHP)<\/p>\n<h3>Comparte esto:<\/h3><ul><li><a rel=\"nofollow noopener noreferrer\" data-shared=\"\" href=\"http:\/\/salomon-tec.info\/tecinfo\/portfolio\/soyamway-com-mx\/#print\" target=\"_blank\" title=\"Haz clic para imprimir\">Imprimir<\/a><\/li><li><a rel=\"nofollow noopener noreferrer\" data-shared=\"sharing-facebook-882\" href=\"http:\/\/salomon-tec.info\/tecinfo\/portfolio\/soyamway-com-mx\/?share=facebook\" target=\"_blank\" title=\"Haz clic para compartir en Facebook\">Facebook<\/a><\/li><li><a rel=\"nofollow noopener noreferrer\" data-shared=\"\" href=\"http:\/\/salomon-tec.info\/tecinfo\/portfolio\/soyamway-com-mx\/?share=jetpack-whatsapp\" target=\"_blank\" title=\"Haz clic para compartir en WhatsApp\">WhatsApp<\/a><\/li><li><a rel=\"nofollow noopener noreferrer\" data-shared=\"sharing-twitter-882\" href=\"http:\/\/salomon-tec.info\/tecinfo\/portfolio\/soyamway-com-mx\/?share=twitter\" target=\"_blank\" title=\"Haz clic para compartir en Twitter\">Twitter<\/a><\/li><li><\/li><\/ul>\n\t<a href=\"http:\/\/salomon-tec.info\/tecinfo\/portfolio\/soyamway-com-mx\/\" target=\"_self\" \"=\"\" rel=\"noopener noreferrer\">\n\t\t        \t\tM\u00e1s Info\n\t\t\t<\/a>  \n\t\t\t\t\t\t    \t<img loading=\"lazy\" decoding=\"async\" width=\"250\" height=\"141\" src=\"https:\/\/i1.wp.com\/salomon-tec.info\/tecinfo\/wp-content\/uploads\/2019\/03\/salomon-tec-info-portafolio-sitio-comercio-electronico-herramientas-1.jpg?resize=250%2C141\" alt=\"Dise\u00f1o de sitio web de comercio electr\u00f3nico para herramientas\" srcset=\"https:\/\/i1.wp.com\/salomon-tec.info\/tecinfo\/wp-content\/uploads\/2019\/03\/salomon-tec-info-portafolio-sitio-comercio-electronico-herramientas-1.jpg?w=1360 1360w, https:\/\/i1.wp.com\/salomon-tec.info\/tecinfo\/wp-content\/uploads\/2019\/03\/salomon-tec-info-portafolio-sitio-comercio-electronico-herramientas-1.jpg?resize=300%2C169 300w, https:\/\/i1.wp.com\/salomon-tec.info\/tecinfo\/wp-content\/uploads\/2019\/03\/salomon-tec-info-portafolio-sitio-comercio-electronico-herramientas-1.jpg?resize=768%2C434 768w, https:\/\/i1.wp.com\/salomon-tec.info\/tecinfo\/wp-content\/uploads\/2019\/03\/salomon-tec-info-portafolio-sitio-comercio-electronico-herramientas-1.jpg?resize=1024%2C578 1024w\" sizes=\"auto, (max-width: 250px) 100vw, 250px\">\t\t\t\t\t\t\t\t \n\t\t\t\t\t\t                    \t<h2><a href=\"http:\/\/salomon-tec.info\/tecinfo\/portfolio\/sitio-web-para-comercio-electronico\/\" title=\"TIENDA EN L\u00cdNEA\">TIENDA EN L\u00cdNEA<\/a><\/h2>\n\t\t\t\t\t\t                         <ul><li>05 Mar 2019| <\/li><li><a href=\"http:\/\/salomon-tec.info\/tecinfo\/project-type\/comercial\/\">Comercial<\/a>,<\/li><\/ul>\t\t\t\t\t\t                    \n\t\t\t\t\t\t                \t<p>Tienda en l\u00ednea con administrador de catalogo de productos, y pagos electr\u00f3nicos via PayPal.<\/p>\n<h3>Comparte esto:<\/h3><ul><li><a rel=\"nofollow noopener noreferrer\" data-shared=\"\" href=\"http:\/\/salomon-tec.info\/tecinfo\/portfolio\/sitio-web-para-comercio-electronico\/#print\" target=\"_blank\" title=\"Haz clic para imprimir\">Imprimir<\/a><\/li><li><a rel=\"nofollow noopener noreferrer\" data-shared=\"sharing-facebook-872\" href=\"http:\/\/salomon-tec.info\/tecinfo\/portfolio\/sitio-web-para-comercio-electronico\/?share=facebook\" target=\"_blank\" title=\"Haz clic para compartir en Facebook\">Facebook<\/a><\/li><li><a rel=\"nofollow noopener noreferrer\" data-shared=\"\" href=\"http:\/\/salomon-tec.info\/tecinfo\/portfolio\/sitio-web-para-comercio-electronico\/?share=jetpack-whatsapp\" target=\"_blank\" title=\"Haz clic para compartir en WhatsApp\">WhatsApp<\/a><\/li><li><a rel=\"nofollow noopener noreferrer\" data-shared=\"sharing-twitter-872\" href=\"http:\/\/salomon-tec.info\/tecinfo\/portfolio\/sitio-web-para-comercio-electronico\/?share=twitter\" target=\"_blank\" title=\"Haz clic para compartir en Twitter\">Twitter<\/a><\/li><li><\/li><\/ul>\n\t<a href=\"http:\/\/salomon-tec.info\/tecinfo\/portfolio\/sitio-web-para-comercio-electronico\/\" target=\"_self\" \"=\"\" rel=\"noopener noreferrer\">\n\t\t        \t\tM\u00e1s Info\n\t\t\t<\/a>  \n\t\t\t\t\t\t    \t<img loading=\"lazy\" decoding=\"async\" width=\"250\" height=\"141\" src=\"https:\/\/i0.wp.com\/salomon-tec.info\/tecinfo\/wp-content\/uploads\/2019\/03\/salomon-tec-info-portafolio-sima-ingenieria-dise\u00f1o-escritorio-1-1.jpg?resize=250%2C141\" alt=\"p\u00e1gina inicio vista escritorio - portafolio sima-ingenieria.com.mx\" srcset=\"https:\/\/i0.wp.com\/salomon-tec.info\/tecinfo\/wp-content\/uploads\/2019\/03\/salomon-tec-info-portafolio-sima-ingenieria-dise\u00f1o-escritorio-1-1.jpg?w=1200 1200w, https:\/\/i0.wp.com\/salomon-tec.info\/tecinfo\/wp-content\/uploads\/2019\/03\/salomon-tec-info-portafolio-sima-ingenieria-dise\u00f1o-escritorio-1-1.jpg?resize=300%2C170 300w, https:\/\/i0.wp.com\/salomon-tec.info\/tecinfo\/wp-content\/uploads\/2019\/03\/salomon-tec-info-portafolio-sima-ingenieria-dise\u00f1o-escritorio-1-1.jpg?resize=768%2C434 768w, https:\/\/i0.wp.com\/salomon-tec.info\/tecinfo\/wp-content\/uploads\/2019\/03\/salomon-tec-info-portafolio-sima-ingenieria-dise\u00f1o-escritorio-1-1.jpg?resize=1024%2C579 1024w\" sizes=\"auto, (max-width: 250px) 100vw, 250px\">\t\t\t\t\t\t\t\t \n\t\t\t\t\t\t                    \t<h2><a href=\"http:\/\/salomon-tec.info\/tecinfo\/portfolio\/sima-ingenieria\/\" title=\"SIMA-INGENIERIA.COM.MX\">SIMA-INGENIERIA.COM.MX<\/a><\/h2>\n\t\t\t\t\t\t                         <ul><li>04 Mar 2019| <\/li><li><a href=\"http:\/\/salomon-tec.info\/tecinfo\/project-type\/servicios\/\">Servicios<\/a>,<\/li><\/ul>\t\t\t\t\t\t                    \n\t\t\t\t\t\t                \t<p>Dise\u00f1o desde cero de sitio web para empresa de servicios de automatizaci\u00f3n.<\/p>\n<h3>Comparte esto:<\/h3><ul><li><a rel=\"nofollow noopener noreferrer\" data-shared=\"\" href=\"http:\/\/salomon-tec.info\/tecinfo\/portfolio\/sima-ingenieria\/#print\" target=\"_blank\" title=\"Haz clic para imprimir\">Imprimir<\/a><\/li><li><a rel=\"nofollow noopener noreferrer\" data-shared=\"sharing-facebook-790\" href=\"http:\/\/salomon-tec.info\/tecinfo\/portfolio\/sima-ingenieria\/?share=facebook\" target=\"_blank\" title=\"Haz clic para compartir en Facebook\">Facebook<\/a><\/li><li><a rel=\"nofollow noopener noreferrer\" data-shared=\"\" href=\"http:\/\/salomon-tec.info\/tecinfo\/portfolio\/sima-ingenieria\/?share=jetpack-whatsapp\" target=\"_blank\" title=\"Haz clic para compartir en WhatsApp\">WhatsApp<\/a><\/li><li><a rel=\"nofollow noopener noreferrer\" data-shared=\"sharing-twitter-790\" href=\"http:\/\/salomon-tec.info\/tecinfo\/portfolio\/sima-ingenieria\/?share=twitter\" target=\"_blank\" title=\"Haz clic para compartir en Twitter\">Twitter<\/a><\/li><li><\/li><\/ul>\n\t<a href=\"http:\/\/salomon-tec.info\/tecinfo\/portfolio\/sima-ingenieria\/\" target=\"_self\" \"=\"\" rel=\"noopener noreferrer\">\n\t\t        \t\tM\u00e1s Info\n\t\t\t<\/a>\n","protected":false},"excerpt":{"rendered":"<p>Portafolio de Sitios y Aplicaciones Web Ya sea un sitio web &#8216;puro&#8217; con HTML, CSS y Javascript; a una aplicaci\u00f3n&hellip;<\/p>\n","protected":false},"author":1,"featured_media":0,"parent":0,"menu_order":0,"comment_status":"closed","ping_status":"closed","template":"","meta":{"_monsterinsights_skip_tracking":false,"_monsterinsights_sitenote_active":false,"_monsterinsights_sitenote_note":"","_monsterinsights_sitenote_category":0,"jetpack_post_was_ever_published":false,"footnotes":""},"class_list":["post-841","page","type-page","status-publish","hentry"],"aioseo_notices":[],"jetpack_shortlink":"https:\/\/wp.me\/PaL7Fl-dz","jetpack_sharing_enabled":true,"_links":{"self":[{"href":"https:\/\/salomon-tec.info\/tecinfo\/wp-json\/wp\/v2\/pages\/841","targetHints":{"allow":["GET"]}}],"collection":[{"href":"https:\/\/salomon-tec.info\/tecinfo\/wp-json\/wp\/v2\/pages"}],"about":[{"href":"https:\/\/salomon-tec.info\/tecinfo\/wp-json\/wp\/v2\/types\/page"}],"author":[{"embeddable":true,"href":"https:\/\/salomon-tec.info\/tecinfo\/wp-json\/wp\/v2\/users\/1"}],"replies":[{"embeddable":true,"href":"https:\/\/salomon-tec.info\/tecinfo\/wp-json\/wp\/v2\/comments?post=841"}],"version-history":[{"count":19,"href":"https:\/\/salomon-tec.info\/tecinfo\/wp-json\/wp\/v2\/pages\/841\/revisions"}],"predecessor-version":[{"id":1106,"href":"https:\/\/salomon-tec.info\/tecinfo\/wp-json\/wp\/v2\/pages\/841\/revisions\/1106"}],"wp:attachment":[{"href":"https:\/\/salomon-tec.info\/tecinfo\/wp-json\/wp\/v2\/media?parent=841"}],"curies":[{"name":"wp","href":"https:\/\/api.w.org\/{rel}","templated":true}]}}