{"id":985,"date":"2019-03-06T17:39:39","date_gmt":"2019-03-07T00:39:39","guid":{"rendered":"http:\/\/salomon-tec.info\/tecinfo\/?page_id=985"},"modified":"2023-09-19T10:40:42","modified_gmt":"2023-09-19T17:40:42","slug":"diseno-sitios-web","status":"publish","type":"page","link":"https:\/\/salomon-tec.info\/tecinfo\/","title":{"rendered":"Dise\u00f1o Sitios Web"},"content":{"rendered":"\n\n\t<h2>Servicios de Consultor\u00eda en TI y Desarrollo de Software a la medida<\/h2>\n<p>Ofrecemos la experiencia profesional de m\u00e1s de 20 a\u00f1os, desarrollando sistemas para empresas y gobierno; para la soluci\u00f3n de los problemas m\u00e1s comunes en peque\u00f1as, medianas y grandes organizaciones. As\u00ed como brindando servicios de soporte t\u00e9cnico a usuarios y clientes de todos tipos de necesidades y nivel de experiencia con tecnolog\u00edas.<\/p>\n\t\t\t\t<img data-recalc-dims=\"1\" decoding=\"async\" src=\"https:\/\/i0.wp.com\/salomon-tec.info\/tecinfo\/wp-content\/uploads\/2019\/03\/Asesoria-profesional-personalizada-sitos-aplicaciones-publicidad-web-internet-600.jpg?w=688\" alt=\"Consultoria y asesor\u00eda personalizada para sitos web, aplicaciones web o marketing digital\" itemprop=\"image\" title=\"Consultoria y asesor\u00eda personalizada para sitos web, aplicaciones web o marketing digital\" onerror=\"this.style.display='none'\"  \/>\n\t<h3>Consultor\u00eda<\/h3>\n<p>Si tienes dudas sobre como proyectar tus productos o servicios en Internet, redes sociales o comercio electr\u00f3nico; platicanos sobre tu empresa y te ofreceremos las opciones con mayores beneficios para que tu elijas, seg\u00fan tus necesidades.<\/p>\n\t<h3><a href=\"http:\/\/salomon-tec.info\/tecinfo\/servicios\/#servicios-desarrollo-web\">Desarrollo<\/a><\/h3>\n\t\t\t\t<a href=\"http:\/\/salomon-tec.info\/tecinfo\/servicios\/\" target=\"_self\" itemprop=\"url\" rel=\"noopener\">\n\t\t\t\t<img data-recalc-dims=\"1\" height=\"150\" width=\"150\" decoding=\"async\" src=\"https:\/\/i0.wp.com\/salomon-tec.info\/tecinfo\/wp-content\/uploads\/2019\/02\/ingeniero-en-sistemas-asesoria-soporte-desarrollo-tecnologias-windows-web-internet-150x150.jpg?resize=150%2C150\" alt=\"Ingeniero en Sistemas Consultor de Tecnolog\u00edas de la Informaci\u00f3n\" itemprop=\"image\" title=\"Ingeniero en Sistemas Consultor de Tecnolog\u00edas de la Informaci\u00f3n\" onerror=\"this.style.display='none'\"  \/>\n\t\t\t\t<\/a>\n\t<p>Desarrollamos aplicaciones seg\u00fan sus necesidades, o actualizamos ese vieja aplicaci\u00f3n que tiene desde hace muchos a\u00f1os. Ya sea Aplicaciones para Windows, Web y Android (HTML, CSS, Javascript, PHP o React Native)<\/p>\n<p>&nbsp;<\/p>\n\t<h3><a href=\"http:\/\/salomon-tec.info\/tecinfo\/servicios\/#servicios-diseno-web\">Sitios Web<\/a><\/h3>\n\t\t\t\t<a href=\"http:\/\/salomon-tec.info\/tecinfo\/servicios\/#servicios-diseno-web\" target=\"_self\" itemprop=\"url\" rel=\"noopener\">\n\t\t\t\t<img data-recalc-dims=\"1\" height=\"150\" width=\"150\" decoding=\"async\" src=\"https:\/\/i0.wp.com\/salomon-tec.info\/tecinfo\/wp-content\/uploads\/2018\/04\/INTERNET8-150x150.jpg?resize=150%2C150\" alt=\"Servicio de dise\u00f1o de p\u00e1ginas web y sitios web\" itemprop=\"image\" title=\"Servicio de dise\u00f1o de p\u00e1ginas web y sitios web\" onerror=\"this.style.display='none'\"  \/>\n\t\t\t\t<\/a>\n\t<p>Si a\u00fan no cuenta con presencia en Internet, y desea desde un sitio b\u00e1sico hasta uno con posibilidad de vender sus productos por Internet (e-commerce); podemos brindarle la soluci\u00f3n m\u00e1s conveniente.<\/p>\n<p>&nbsp;<\/p>\n\t<h3><a href=\"http:\/\/salomon-tec.info\/tecinfo\/servicios\/#servicios-soporte-tecnico-windows\">Soporte T\u00e9cnico<\/a><\/h3>\n\t\t\t\t<a href=\"http:\/\/salomon-tec.info\/tecinfo\/servicios\/#servicios-soporte-tecnico\" target=\"_self\" itemprop=\"url\" rel=\"noopener\">\n\t\t\t\t<img data-recalc-dims=\"1\" height=\"150\" width=\"150\" decoding=\"async\" src=\"https:\/\/i0.wp.com\/salomon-tec.info\/tecinfo\/wp-content\/uploads\/2018\/04\/tech-support-150x150.jpg?resize=150%2C150\" alt=\"Servicio de Soporte T\u00e9cnico en Hermosillo\" itemprop=\"image\" title=\"Servicio de Soporte T\u00e9cnico en Hermosillo\" onerror=\"this.style.display='none'\"  \/>\n\t\t\t\t<\/a>\n\t<p>Si su equipo responde lento, se bloquea o constantemente le muestra ventanas y mensajes molestos mientras navega en Internet o utiliza Windows, Podemos ayudarle v\u00eda telef\u00f3nica, remota o en sitio.<\/p>\n<p>&nbsp;<\/p>\n\t<h3>Propuestas sin compromisos<\/h3>\n<p>Si ya tienes la idea, y solo necesitas darle vida en l\u00ednea, mu\u00e9stranos la y te hacemos una propuesta sin compromiso y con plazos de entrega por escrito.<\/p>\n\t\t\t\t<img data-recalc-dims=\"1\" decoding=\"async\" src=\"https:\/\/i0.wp.com\/salomon-tec.info\/tecinfo\/wp-content\/uploads\/2019\/03\/salomon-tec-info-responsabilidad-y-satisfaccion.jpg?w=688\" alt=\"Compromiso y responsabilidad en nuestros servicios\" itemprop=\"image\" title=\"Compromiso y responsabilidad en nuestros servicios\" onerror=\"this.style.display='none'\"  \/>\n\t<h3>Compromiso y confianza<\/h3>\n<p>Ofrecemos siempre un alto compromiso y confianza en entregar la soluci\u00f3n, seg\u00fan lo acordado. Ademas contaras con la capacitaci\u00f3n y soporte necesarios para obtener resultados reales de tu proyecto.<\/p>\n\t<h3>Retroalimentaci\u00f3n continua<\/h3>\n<p>Tanto al inicio del an\u00e1lisis de necesidades, como durante el desarrollo de la soluci\u00f3n; creemos que la comunicaci\u00f3n y retro alimentaci\u00f3n contin\u00faa son vitales y cr\u00edticas para tener \u00e9xito. Realizamos y entregamos por escrito una agenda de trabajo, en la cual las reuniones de avances, son parte fundamental.<\/p>\n\t\t\t\t<img data-recalc-dims=\"1\" decoding=\"async\" src=\"https:\/\/i0.wp.com\/salomon-tec.info\/tecinfo\/wp-content\/uploads\/2019\/03\/servicio-tecnico-con-cotizacion-economica-competitiva-600.jpg?w=688\" alt=\"El mejor presupuesto en Consultar\u00eda de Tecnolog\u00edas de la Informaci\u00f3n\" itemprop=\"image\" title=\"El mejor presupuesto en Consultar\u00eda de Tecnolog\u00edas de la Informaci\u00f3n\" onerror=\"this.style.display='none'\"  \/>\n\t<h3>Tu presupuesto es importante<\/h3>\n<p>A\u00fan y cuando creas que tu prespuesto es demasiado peque\u00f1o, conf\u00eda en que podremos encontrar un propuesta que obtenga el m\u00e1ximo valor de tu inversi\u00f3n. Adem\u00e1s, incluso en proyectos peque\u00f1os, pagas el 100% del proyecto hasta que se encuentra operando!<\/p>\n<p>Solicita tu cotizaci\u00f3n\u00a0<a href=\"http:\/\/www.salomon-tec.info\/tecinfo\/contacto\/\">AQUI<\/a>.<\/p>\n\n","protected":false},"excerpt":{"rendered":"<p>Servicios de Consultor\u00eda en TI y Desarrollo de Software a la medida Ofrecemos la experiencia profesional de m\u00e1s de 20&hellip;<\/p>\n","protected":false},"author":1,"featured_media":0,"parent":0,"menu_order":0,"comment_status":"closed","ping_status":"closed","template":"","meta":{"_monsterinsights_skip_tracking":false,"_monsterinsights_sitenote_active":false,"_monsterinsights_sitenote_note":"","_monsterinsights_sitenote_category":0,"jetpack_post_was_ever_published":false,"footnotes":""},"class_list":["post-985","page","type-page","status-publish","hentry"],"aioseo_notices":[],"jetpack_shortlink":"https:\/\/wp.me\/PaL7Fl-fT","jetpack_sharing_enabled":true,"_links":{"self":[{"href":"https:\/\/salomon-tec.info\/tecinfo\/wp-json\/wp\/v2\/pages\/985","targetHints":{"allow":["GET"]}}],"collection":[{"href":"https:\/\/salomon-tec.info\/tecinfo\/wp-json\/wp\/v2\/pages"}],"about":[{"href":"https:\/\/salomon-tec.info\/tecinfo\/wp-json\/wp\/v2\/types\/page"}],"author":[{"embeddable":true,"href":"https:\/\/salomon-tec.info\/tecinfo\/wp-json\/wp\/v2\/users\/1"}],"replies":[{"embeddable":true,"href":"https:\/\/salomon-tec.info\/tecinfo\/wp-json\/wp\/v2\/comments?post=985"}],"version-history":[{"count":14,"href":"https:\/\/salomon-tec.info\/tecinfo\/wp-json\/wp\/v2\/pages\/985\/revisions"}],"predecessor-version":[{"id":1215,"href":"https:\/\/salomon-tec.info\/tecinfo\/wp-json\/wp\/v2\/pages\/985\/revisions\/1215"}],"wp:attachment":[{"href":"https:\/\/salomon-tec.info\/tecinfo\/wp-json\/wp\/v2\/media?parent=985"}],"curies":[{"name":"wp","href":"https:\/\/api.w.org\/{rel}","templated":true}]}}